{"id":298,"date":"2017-10-30T09:31:48","date_gmt":"2017-10-30T09:31:48","guid":{"rendered":"https:\/\/ceccararad.ro\/ro\/?page_id=298"},"modified":"2019-10-23T18:00:37","modified_gmt":"2019-10-23T16:00:37","slug":"examenul-de-aptitudini","status":"publish","type":"page","link":"https:\/\/ceccarvalcea.ro\/ro\/membri\/cum-devin-membru-ceccar\/examenul-de-aptitudini\/","title":{"rendered":"Examenul de aptitudini"},"content":{"rendered":"<section   class=\"fw-main-row  auto  fw-section-position-back\"    >\n\t\t\t<div class=\"fw-container\" >\n\t\t<div class=\"fw-row\">\n\t<div id=\"column-69e0f45398045\" class=\"fw-col-sm-12 tf-sh-4bf7de7076824fb4c351a6d1039d0743\" >\n\t<div class=\"fw-wrap-col-inner clearfix  \"   >\n\t\t\t\t<div class=\"fw-col-inner\">\n\t\t\t<div class=\"fw-text-box tf-sh-b4a496c23a94b122350f1c9e2210e50c \" >\n\t<div class=\"fw-text-inner\">\n\t\t<p><strong><span style=\"font-size: 12pt;\">Examenul de aptitudini<br \/><\/span><\/strong><\/p>\n\t<\/div>\n<\/div><div class=\"fw-divider-space space-sm  clearfix\"  ><\/div><div class=\"tf-sh-435841a89aa1e8b5e1a52a967d0eb145 fw-tabs fw-tabs-minimal fw-tabs-top \" >\n\t<ul class=\"nav nav-tabs nav-justified\">\n\t\t\t\t\t<li class=\"active\">\n\t\t\t\t<a href=\"#tab-cont-435841a89aa1e8b5e1a52a967d0eb145-1\" data-toggle=\"tab\">\n\t\t\t\t\t\n\t\t\t\t\t\t\t\t\t\t<span>Programa aferent\u0103 examenului de aptitudini<\/span>\n\t\t\t\t<\/a>\n\t\t\t<\/li>\n\t\t\t\t\t\t\t\t<li >\n\t\t\t\t<a href=\"#tab-cont-435841a89aa1e8b5e1a52a967d0eb145-2\" data-toggle=\"tab\">\n\t\t\t\t\t\n\t\t\t\t\t\t\t\t\t\t<span>Dosarul de \u00eenscriere la examenul de aptitudini<\/span>\n\t\t\t\t<\/a>\n\t\t\t<\/li>\n\t\t\t\t\t\t\t\t<li >\n\t\t\t\t<a href=\"#tab-cont-435841a89aa1e8b5e1a52a967d0eb145-3\" data-toggle=\"tab\">\n\t\t\t\t\t\n\t\t\t\t\t\t\t\t\t\t<span>Sesiuni de examen de aptitudini<\/span>\n\t\t\t\t<\/a>\n\t\t\t<\/li>\n\t\t\t\t\t\t<\/ul>\n\n\t<div class=\"tab-content clearfix\">\n\t\t\t\t\t<div id=\"tab-cont-435841a89aa1e8b5e1a52a967d0eb145-1\"\n\t\t\t     class=\"tab-pane fade in active\">\n\t\t\t\t\n\t\t\t\t\t\t\t\t\t<ul><li style=\"text-align: justify;\"><a href=\"https:\/\/ceccarvalcea.ro\/ro\/wp-content\/uploads\/2019\/10\/7a-EC-Tematica-Aptitudini-nov-2019-aviz-MF.pdf\" target=\"_blank\" rel=\"noopener\">Programa aferent\u0103 examenului de aptitudini\u00a0\u00een vederea ob\u0163inerii calit\u0103\u0163ii de expert contabil<\/a><\/li><li style=\"text-align: justify;\"><a href=\"https:\/\/ceccarvalcea.ro\/ro\/wp-content\/uploads\/2019\/10\/7b-CA-Tematica-Aptitudini-nov-2019-aviz-MF.pdf\" target=\"_blank\" rel=\"noopener\">Programa aferent\u0103 examenului de aptitudini\u00a0\u00een vederea ob\u0163inerii calit\u0103\u0163ii de contabil autorizat<\/a><\/li><\/ul>\t\t\t\t\t\t\t<\/div>\n\t\t\t\t\t\t<div id=\"tab-cont-435841a89aa1e8b5e1a52a967d0eb145-2\"\n\t\t\t     class=\"tab-pane fade \">\n\t\t\t\t\n\t\t\t\t\t\t\t\t\t<p style=\"text-align: justify;\">Pentru \u00eenscrierea la examenul de aptitudini, stagiarii care \u00eendeplinesc condi\u021biile impuse de reglement\u0103rile \u00een vigoare vor depune, la <a href=\"http:\/\/ceccarvalcea.ro\/ro\/?page_id=493\">filiala Corpului din raza de domiciliu<\/a>, un dosar cuprinz\u00e2nd:<\/p><ul style=\"text-align: justify;\"><li>certificatul de admitere la stagiu, emis de comisia de examinare pentru accesul la profesie;<\/li><li>certificatul de stagiu;<\/li><li>copie a diplomei de studii economice superioare, respectiv a diplomei de studii medii, recunoscute de Ministerul Educa\u021biei Na\u021bionale;<\/li><li>cerere pentru \u00eenscriere la examenul de aptitudini, adresat\u0103 pre\u0219edintelui filialei Corpului;<\/li><li>copie a actului de identitate (BI\/CI);<\/li><li>certificat de cazier judiciar;<\/li><li>adeverin\u021b\u0103 medical\u0103;<\/li><li>dou\u0103 fotografii tip BI\/CI.<\/li><li>dovada achitarii taxei de \u00eenscriere la examen in cuantum de 175 Euro pentru expert contabil \u015fi 125 Euro pentru contabil autorizat (c\/v \u00een lei la cursul BNR din ziua pl\u0103\u0163ii).<\/li><\/ul><p style=\"text-align: justify;\">Documentele se \u00eendosariaz\u0103 de candidat \u00een ordinea men\u0163ionata mai sus, \u00eentr-un dosar cu \u015fina \u015fi se depune la filiala de domiciliu.<\/p><p style=\"text-align: justify;\">\t\t\t\t\t\t\t<\/div>\n\t\t\t\t\t\t<div id=\"tab-cont-435841a89aa1e8b5e1a52a967d0eb145-3\"\n\t\t\t     class=\"tab-pane fade \">\n\t\t\t\t\n\t\t\t\t\t\t\t\t\t<ul><li><strong>Examenul de aptitudini (sesiunea extraordinar\u0103) se va organiza \u00een zilele de 9 noiembrie 2019 (proba scris\u0103) \u015fi 16 noiembrie 2019 (proba oral\u0103).<\/strong><\/li><\/ul><p>In data de 09 noiembrie 2019 se va desfasura proba scris\u0103 \u015fi \u00een data de 16 noiembrie 2019 proba oral\u0103.<br \/>Pentru sus\u021binerea Examenului de aptitudini, sesiunea noiembrie 2019, se pot \u00eenscrie stagiari care se \u00eencadreaza \u00een perioada de 3 ani de la finalizarea stagiului (daca sunt stagiari care dep\u0103\u0219esc cei 3 ani \u0219i maxim 5 ani de la finalizarea stagiului situa\u021bia se supune spre aprobare Consiliului superior al CECCAR).<\/p><ul><li><hr \/><p><strong>Examenul de aptitudini se va organiza, pentru stagiarii care finalizeaz\u0103 stagiul \u00een anul 2019, \u00een perioada ianuarie-februarie 2020.<\/strong><\/li><\/ul><p>&nbsp;<\/p>\t\t\t\t\t\t\t<\/div>\n\t\t\t\t<\/div>\n<\/div><div class=\"fw-divider-space space-sm  clearfix\"  ><\/div>\t\t<\/div>\n\t<\/div>\n<\/div><\/div>\n\n\t<\/div>\n\t<\/section>\n","protected":false},"excerpt":{"rendered":"<p>Examenul de aptitudini Programa aferent\u0103 examenului de aptitudini Dosarul de \u00eenscriere la examenul de aptitudini Sesiuni de examen de aptitudini Programa aferent\u0103 examenului de aptitudini\u00a0\u00een vederea ob\u0163inerii calit\u0103\u0163ii de expert contabilPrograma aferent\u0103 examenului de aptitudini\u00a0\u00een [&hellip;]<\/p>\n","protected":false},"author":1,"featured_media":0,"parent":288,"menu_order":0,"comment_status":"closed","ping_status":"closed","template":"visual-builder-template.php","meta":{"footnotes":""},"class_list":["post-298","page","type-page","status-publish","hentry"],"_links":{"self":[{"href":"https:\/\/ceccarvalcea.ro\/ro\/wp-json\/wp\/v2\/pages\/298","targetHints":{"allow":["GET"]}}],"collection":[{"href":"https:\/\/ceccarvalcea.ro\/ro\/wp-json\/wp\/v2\/pages"}],"about":[{"href":"https:\/\/ceccarvalcea.ro\/ro\/wp-json\/wp\/v2\/types\/page"}],"author":[{"embeddable":true,"href":"https:\/\/ceccarvalcea.ro\/ro\/wp-json\/wp\/v2\/users\/1"}],"replies":[{"embeddable":true,"href":"https:\/\/ceccarvalcea.ro\/ro\/wp-json\/wp\/v2\/comments?post=298"}],"version-history":[{"count":13,"href":"https:\/\/ceccarvalcea.ro\/ro\/wp-json\/wp\/v2\/pages\/298\/revisions"}],"predecessor-version":[{"id":1657,"href":"https:\/\/ceccarvalcea.ro\/ro\/wp-json\/wp\/v2\/pages\/298\/revisions\/1657"}],"up":[{"embeddable":true,"href":"https:\/\/ceccarvalcea.ro\/ro\/wp-json\/wp\/v2\/pages\/288"}],"wp:attachment":[{"href":"https:\/\/ceccarvalcea.ro\/ro\/wp-json\/wp\/v2\/media?parent=298"}],"curies":[{"name":"wp","href":"https:\/\/api.w.org\/{rel}","templated":true}]}}